{"id":837,"date":"2024-11-18T09:16:18","date_gmt":"2024-11-18T09:16:18","guid":{"rendered":"https:\/\/riverside-go.com\/?page_id=837"},"modified":"2025-09-11T18:33:50","modified_gmt":"2025-09-11T15:33:50","slug":"%d0%b1%d0%bb%d0%be%d0%b3","status":"publish","type":"page","link":"https:\/\/riverside-go.com\/ru\/%d0%b1%d0%bb%d0%be%d0%b3\/","title":{"rendered":"\u0411\u043b\u043e\u0433"},"content":{"rendered":"<div data-elementor-type=\"wp-page\" data-elementor-id=\"837\" class=\"elementor elementor-837\" data-elementor-post-type=\"page\">\n\t\t\t\t<div data-particle_enable=\"false\" data-particle-mobile-disabled=\"false\" class=\"elementor-element elementor-element-320f4a e-flex e-con-boxed e-con e-parent\" data-id=\"320f4a\" data-element_type=\"container\" data-e-type=\"container\" data-settings=\"{&quot;background_background&quot;:&quot;classic&quot;}\">\n\t\t\t\t\t<div class=\"e-con-inner\">\n\t\t<div data-particle_enable=\"false\" data-particle-mobile-disabled=\"false\" class=\"elementor-element elementor-element-3b9d1ffc e-con-full e-flex e-con e-child\" data-id=\"3b9d1ffc\" data-element_type=\"container\" data-e-type=\"container\">\n\t\t<div data-particle_enable=\"false\" data-particle-mobile-disabled=\"false\" class=\"elementor-element elementor-element-3f97ac10 e-con-full e-flex e-con e-child\" data-id=\"3f97ac10\" data-element_type=\"container\" data-e-type=\"container\">\n\t\t\t\t<div class=\"elementor-element elementor-element-4b0e8abc elementor-widget elementor-widget-heading\" data-id=\"4b0e8abc\" data-element_type=\"widget\" data-e-type=\"widget\" data-widget_type=\"heading.default\">\n\t\t\t\t<div class=\"elementor-widget-container\">\n\t\t\t\t\t<h1 class=\"elementor-heading-title elementor-size-default\">\u0411\u043b\u043e\u0433 RIGO<\/h1>\t\t\t\t<\/div>\n\t\t\t\t<\/div>\n\t\t\t\t<div class=\"elementor-element elementor-element-47439cb3 elementor-icon-list--layout-inline elementor-align-center elementor-list-item-link-full_width elementor-widget elementor-widget-icon-list\" data-id=\"47439cb3\" data-element_type=\"widget\" data-e-type=\"widget\" data-widget_type=\"icon-list.default\">\n\t\t\t\t<div class=\"elementor-widget-container\">\n\t\t\t\t\t\t\t<ul class=\"elementor-icon-list-items elementor-inline-items\">\n\t\t\t\t\t\t\t<li class=\"elementor-icon-list-item elementor-inline-item\">\n\t\t\t\t\t\t\t\t\t\t\t<a href=\"https:\/\/riverside-go.com\/ru\">\n\n\t\t\t\t\t\t\t\t\t\t\t<span class=\"elementor-icon-list-text\">\u0413\u043b\u0430\u0432\u043d\u0430\u044f \u0441\u0442\u0440\u0430\u043d\u0438\u0446\u0430<\/span>\n\t\t\t\t\t\t\t\t\t\t\t<\/a>\n\t\t\t\t\t\t\t\t\t<\/li>\n\t\t\t\t\t\t\t\t<li class=\"elementor-icon-list-item elementor-inline-item\">\n\t\t\t\t\t\t\t\t\t\t<span class=\"elementor-icon-list-text\">\/<\/span>\n\t\t\t\t\t\t\t\t\t<\/li>\n\t\t\t\t\t\t\t\t<li class=\"elementor-icon-list-item elementor-inline-item\">\n\t\t\t\t\t\t\t\t\t\t\t<a href=\"#\">\n\n\t\t\t\t\t\t\t\t\t\t\t<span class=\"elementor-icon-list-text\">\u0411\u043b\u043e\u0433<\/span>\n\t\t\t\t\t\t\t\t\t\t\t<\/a>\n\t\t\t\t\t\t\t\t\t<\/li>\n\t\t\t\t\t\t<\/ul>\n\t\t\t\t\t\t<\/div>\n\t\t\t\t<\/div>\n\t\t\t\t<\/div>\n\t\t\t\t<\/div>\n\t\t\t\t\t<\/div>\n\t\t\t\t<\/div>\n\t\t<div data-particle_enable=\"false\" data-particle-mobile-disabled=\"false\" class=\"elementor-element elementor-element-5eee3073 e-flex e-con-boxed e-con e-parent\" data-id=\"5eee3073\" data-element_type=\"container\" data-e-type=\"container\" data-settings=\"{&quot;background_background&quot;:&quot;classic&quot;}\">\n\t\t\t\t\t<div class=\"e-con-inner\">\n\t\t\t\t<div class=\"elementor-element elementor-element-4893de6 elementor-grid-eael-col-4 elementor-grid-tablet-eael-col-2 elementor-grid-mobile-eael-col-1 elementor-widget elementor-widget-eael-post-grid\" data-id=\"4893de6\" data-element_type=\"widget\" data-e-type=\"widget\" data-settings=\"{&quot;eael_post_grid_columns&quot;:&quot;eael-col-4&quot;,&quot;eael_post_grid_columns_tablet&quot;:&quot;eael-col-2&quot;,&quot;eael_post_grid_columns_mobile&quot;:&quot;eael-col-1&quot;}\" data-widget_type=\"eael-post-grid.default\">\n\t\t\t\t<div class=\"elementor-widget-container\">\n\t\t\t\t\t<div id=\"eael-post-grid-4893de6\" class=\"eael-post-grid-container\">\n            <div class=\"eael-post-grid eael-post-appender eael-post-appender-4893de6 eael-post-grid-style-three\" data-layout-mode=\"grid\"><article class=\"eael-grid-post  eael-post-grid-column eael-pg-post-2408 category-uncategorized\" data-id=\"2408\">\n        <div class=\"eael-grid-post-holder\">\n            <div class=\"eael-grid-post-holder-inner\"><div class=\"eael-entry-wrapper\"><header class=\"eael-entry-header\"><h1 class=\"eael-entry-title\"><a class=\"eael-grid-post-link\" href=\"https:\/\/riverside-go.com\/ru\/golf-arabasi-ehliyet-gerektirir-mi-2026-turkiye-rehberi\/\" title=\"Golf Arabas\u0131 Ehliyet Gerektirir mi? 2026 T\u00fcrkiye Rehberi\">Golf Arabas\u0131 Ehliyet Gerektirir mi? 2026 T\u00fcrkiye Rehberi<\/a><\/h1><\/header><div class=\"eael-entry-content\">\n                        <div class=\"eael-grid-post-excerpt\"><p>Elektrikli golf ara\u00e7lar\u0131 son y\u0131llarda oteller, siteler, fabrikalar ve turistik...<\/p><a href=\"https:\/\/riverside-go.com\/ru\/golf-arabasi-ehliyet-gerektirir-mi-2026-turkiye-rehberi\/\" class=\"eael-post-elements-readmore-btn\">\u0427\u0438\u0442\u0430\u0442\u044c \u0434\u0430\u043b\u0435\u0435<\/a><\/div>\n                    <\/div><\/div><\/div>\n        <\/div>\n    <\/article><article class=\"eael-grid-post  eael-post-grid-column eael-pg-post-2405 category-uncategorized\" data-id=\"2405\">\n        <div class=\"eael-grid-post-holder\">\n            <div class=\"eael-grid-post-holder-inner\"><div class=\"eael-entry-wrapper\"><header class=\"eael-entry-header\"><h1 class=\"eael-entry-title\"><a class=\"eael-grid-post-link\" href=\"https:\/\/riverside-go.com\/ru\/golf-arabasi-mi-buggy-mi-aralarindaki-farklar\/\" title=\"Golf Arabas\u0131 m\u0131 Buggy mi? Aralar\u0131ndaki Farklar\">Golf Arabas\u0131 m\u0131 Buggy mi? Aralar\u0131ndaki Farklar<\/a><\/h1><\/header><div class=\"eael-entry-content\">\n                        <div class=\"eael-grid-post-excerpt\"><p>Elektrikli ula\u015f\u0131m ara\u00e7lar\u0131 son y\u0131llarda oteller, tatil k\u00f6yleri, siteler ve...<\/p><a href=\"https:\/\/riverside-go.com\/ru\/golf-arabasi-mi-buggy-mi-aralarindaki-farklar\/\" class=\"eael-post-elements-readmore-btn\">\u0427\u0438\u0442\u0430\u0442\u044c \u0434\u0430\u043b\u0435\u0435<\/a><\/div>\n                    <\/div><\/div><\/div>\n        <\/div>\n    <\/article><article class=\"eael-grid-post  eael-post-grid-column eael-pg-post-2399 category-uncategorized\" data-id=\"2399\">\n        <div class=\"eael-grid-post-holder\">\n            <div class=\"eael-grid-post-holder-inner\"><div class=\"eael-entry-wrapper\"><header class=\"eael-entry-header\"><h1 class=\"eael-entry-title\"><a class=\"eael-grid-post-link\" href=\"https:\/\/riverside-go.com\/ru\/golf-arabasi-fiyatlari-2026-turkiyede-elektrikli-golf-araci-fiyat-rehberi\/\" title=\"Golf Arabas\u0131 Fiyatlar\u0131 2026: T\u00fcrkiye\u2019de Elektrikli Golf Arac\u0131 Fiyat Rehberi\">Golf Arabas\u0131 Fiyatlar\u0131 2026: T\u00fcrkiye\u2019de Elektrikli Golf Arac\u0131 Fiyat Rehberi<\/a><\/h1><\/header><div class=\"eael-entry-content\">\n                        <div class=\"eael-grid-post-excerpt\"><p>Elektrikli golf ara\u00e7lar\u0131 son y\u0131llarda oteller, tatil k\u00f6yleri, siteler, fabrikalar...<\/p><a href=\"https:\/\/riverside-go.com\/ru\/golf-arabasi-fiyatlari-2026-turkiyede-elektrikli-golf-araci-fiyat-rehberi\/\" class=\"eael-post-elements-readmore-btn\">\u0427\u0438\u0442\u0430\u0442\u044c \u0434\u0430\u043b\u0435\u0435<\/a><\/div>\n                    <\/div><\/div><\/div>\n        <\/div>\n    <\/article><article class=\"eael-grid-post  eael-post-grid-column eael-pg-post-2396 category-uncategorized\" data-id=\"2396\">\n        <div class=\"eael-grid-post-holder\">\n            <div class=\"eael-grid-post-holder-inner\"><div class=\"eael-entry-wrapper\"><header class=\"eael-entry-header\"><h1 class=\"eael-entry-title\"><a class=\"eael-grid-post-link\" href=\"https:\/\/riverside-go.com\/ru\/turkiyede-en-iyi-golf-arabasi-markalari-2026-rehberi\/\" title=\"T\u00fcrkiye\u2019de En \u0130yi Golf Arabas\u0131 Markalar\u0131 (2026 Rehberi)\">T\u00fcrkiye\u2019de En \u0130yi Golf Arabas\u0131 Markalar\u0131 (2026 Rehberi)<\/a><\/h1><\/header><div class=\"eael-entry-content\">\n                        <div class=\"eael-grid-post-excerpt\"><p>Elektrikli golf ara\u00e7lar\u0131 son y\u0131llarda otellerden fabrikalara, sitelerden turistik tesislere...<\/p><a href=\"https:\/\/riverside-go.com\/ru\/turkiyede-en-iyi-golf-arabasi-markalari-2026-rehberi\/\" class=\"eael-post-elements-readmore-btn\">\u0427\u0438\u0442\u0430\u0442\u044c \u0434\u0430\u043b\u0435\u0435<\/a><\/div>\n                    <\/div><\/div><\/div>\n        <\/div>\n    <\/article><article class=\"eael-grid-post  eael-post-grid-column eael-pg-post-2393 category-uncategorized\" data-id=\"2393\">\n        <div class=\"eael-grid-post-holder\">\n            <div class=\"eael-grid-post-holder-inner\"><div class=\"eael-entry-wrapper\"><header class=\"eael-entry-header\"><h1 class=\"eael-entry-title\"><a class=\"eael-grid-post-link\" href=\"https:\/\/riverside-go.com\/ru\/4-kisilik-ve-6-kisilik-golf-arabasi-arasindaki-farklar\/\" title=\"4 Ki\u015filik ve 6 Ki\u015filik Golf Arabas\u0131 Aras\u0131ndaki Farklar\">4 Ki\u015filik ve 6 Ki\u015filik Golf Arabas\u0131 Aras\u0131ndaki Farklar<\/a><\/h1><\/header><div class=\"eael-entry-content\">\n                        <div class=\"eael-grid-post-excerpt\"><p>Elektrikli golf ara\u00e7lar\u0131, otellerden tatil k\u00f6ylerine, sitelerden fabrikalara kadar bir\u00e7ok...<\/p><a href=\"https:\/\/riverside-go.com\/ru\/4-kisilik-ve-6-kisilik-golf-arabasi-arasindaki-farklar\/\" class=\"eael-post-elements-readmore-btn\">\u0427\u0438\u0442\u0430\u0442\u044c \u0434\u0430\u043b\u0435\u0435<\/a><\/div>\n                    <\/div><\/div><\/div>\n        <\/div>\n    <\/article><article class=\"eael-grid-post  eael-post-grid-column eael-pg-post-2390 category-uncategorized\" data-id=\"2390\">\n        <div class=\"eael-grid-post-holder\">\n            <div class=\"eael-grid-post-holder-inner\"><div class=\"eael-entry-wrapper\"><header class=\"eael-entry-header\"><h1 class=\"eael-entry-title\"><a class=\"eael-grid-post-link\" href=\"https:\/\/riverside-go.com\/ru\/elektrikli-yuk-tasima-araclari-fabrikalar-ve-tesisler-icin-verimli-cozum\/\" title=\"Elektrikli Y\u00fck Ta\u015f\u0131ma Ara\u00e7lar\u0131: Fabrikalar ve Tesisler \u0130\u00e7in Verimli \u00c7\u00f6z\u00fcm\">Elektrikli Y\u00fck Ta\u015f\u0131ma Ara\u00e7lar\u0131: Fabrikalar ve Tesisler \u0130\u00e7in Verimli \u00c7\u00f6z\u00fcm<\/a><\/h1><\/header><div class=\"eael-entry-content\">\n                        <div class=\"eael-grid-post-excerpt\"><p>B\u00fcy\u00fck \u00fcretim tesislerinde, depolarda ve end\u00fcstriyel alanlarda malzeme ta\u015f\u0131mak operasyonun...<\/p><a href=\"https:\/\/riverside-go.com\/ru\/elektrikli-yuk-tasima-araclari-fabrikalar-ve-tesisler-icin-verimli-cozum\/\" class=\"eael-post-elements-readmore-btn\">\u0427\u0438\u0442\u0430\u0442\u044c \u0434\u0430\u043b\u0435\u0435<\/a><\/div>\n                    <\/div><\/div><\/div>\n        <\/div>\n    <\/article><article class=\"eael-grid-post  eael-post-grid-column eael-pg-post-2374 category-uncategorized\" data-id=\"2374\">\n        <div class=\"eael-grid-post-holder\">\n            <div class=\"eael-grid-post-holder-inner\"><div class=\"eael-entry-wrapper\"><header class=\"eael-entry-header\"><h1 class=\"eael-entry-title\"><a class=\"eael-grid-post-link\" href=\"https:\/\/riverside-go.com\/ru\/oteller-icin-golf-arabasi-buggy-arac-secimi-neden-elektrikli-otel-arabasi-tercih-edilmeli\/\" title=\"Oteller \u0130\u00e7in Golf Arabas\u0131 (Buggy Ara\u00e7) Se\u00e7imi: Neden Elektrikli Otel Arabas\u0131 Tercih Edilmeli?\">Oteller \u0130\u00e7in Golf Arabas\u0131 (Buggy Ara\u00e7) Se\u00e7imi: Neden Elektrikli Otel Arabas\u0131 Tercih Edilmeli?<\/a><\/h1><\/header><div class=\"eael-entry-content\">\n                        <div class=\"eael-grid-post-excerpt\"><p>B\u00fcy\u00fck oteller ve tatil k\u00f6ylerinde misafirlerin tesis i\u00e7inde rahat ve...<\/p><a href=\"https:\/\/riverside-go.com\/ru\/oteller-icin-golf-arabasi-buggy-arac-secimi-neden-elektrikli-otel-arabasi-tercih-edilmeli\/\" class=\"eael-post-elements-readmore-btn\">\u0427\u0438\u0442\u0430\u0442\u044c \u0434\u0430\u043b\u0435\u0435<\/a><\/div>\n                    <\/div><\/div><\/div>\n        <\/div>\n    <\/article><article class=\"eael-grid-post  eael-post-grid-column eael-pg-post-2371 category-uncategorized\" data-id=\"2371\">\n        <div class=\"eael-grid-post-holder\">\n            <div class=\"eael-grid-post-holder-inner\"><div class=\"eael-entry-wrapper\"><header class=\"eael-entry-header\"><h1 class=\"eael-entry-title\"><a class=\"eael-grid-post-link\" href=\"https:\/\/riverside-go.com\/ru\/golf-arabasi-nedir-nerelerde-kullanilir\/\" title=\"Golf Arabas\u0131 Nedir? Nerelerde Kullan\u0131l\u0131r?\">Golf Arabas\u0131 Nedir? Nerelerde Kullan\u0131l\u0131r?<\/a><\/h1><\/header><div class=\"eael-entry-content\">\n                        <div class=\"eael-grid-post-excerpt\"><p>Golf arabas\u0131, k\u0131sa mesafelerde insan veya ekipman ta\u015f\u0131mak i\u00e7in tasarlanm\u0131\u015f...<\/p><a href=\"https:\/\/riverside-go.com\/ru\/golf-arabasi-nedir-nerelerde-kullanilir\/\" class=\"eael-post-elements-readmore-btn\">\u0427\u0438\u0442\u0430\u0442\u044c \u0434\u0430\u043b\u0435\u0435<\/a><\/div>\n                    <\/div><\/div><\/div>\n        <\/div>\n    <\/article><article class=\"eael-grid-post  eael-post-grid-column eael-pg-post-1897 category-uncategorized\" data-id=\"1897\">\n        <div class=\"eael-grid-post-holder\">\n            <div class=\"eael-grid-post-holder-inner\"><div class=\"eael-entry-wrapper\"><header class=\"eael-entry-header\"><h1 class=\"eael-entry-title\"><a class=\"eael-grid-post-link\" href=\"https:\/\/riverside-go.com\/ru\/kvkk\/\" title=\"Ki\u015fisel Verilerin Korunmas\u0131 Ayd\u0131nlatma Metni (KVKK)\">Ki\u015fisel Verilerin Korunmas\u0131 Ayd\u0131nlatma Metni (KVKK)<\/a><\/h1><\/header><div class=\"eael-entry-content\">\n                        <div class=\"eael-grid-post-excerpt\"><p>RIGO Ki\u015fisel Verilerin Korunmas\u0131 Politikas\u0131 1. Ama\u00e7 Bu politika, Riverside...<\/p><a href=\"https:\/\/riverside-go.com\/ru\/kvkk\/\" class=\"eael-post-elements-readmore-btn\">\u0427\u0438\u0442\u0430\u0442\u044c \u0434\u0430\u043b\u0435\u0435<\/a><\/div>\n                    <\/div><\/div><\/div>\n        <\/div>\n    <\/article><article class=\"eael-grid-post  eael-post-grid-column eael-pg-post-1807 category-uncategorized tags-elektrikli-golf-arabasi-golf-buggy-sarjli-golf-arabasi-elektrikli-hizmet-araclari-elektrikli-yuk-tasima-araclari-otel-buggy\" data-id=\"1807\">\n        <div class=\"eael-grid-post-holder\">\n            <div class=\"eael-grid-post-holder-inner\"><div class=\"eael-entry-wrapper\"><header class=\"eael-entry-header\"><h1 class=\"eael-entry-title\"><a class=\"eael-grid-post-link\" href=\"https:\/\/riverside-go.com\/ru\/%d1%8d%d0%bb%d0%b5%d0%ba%d1%82%d1%80%d0%b8%d1%87%d0%b5%d1%81%d0%ba%d0%b8%d0%b5-%d0%b3%d0%be%d0%bb%d1%8c%d1%84-%d0%ba%d0%b0%d1%80%d1%8b-%d0%b8-%d1%8d%d0%bb%d0%b5%d0%ba%d1%82%d1%80%d0%b8%d1%87%d0%b5\/\" title=\"\u0426\u0435\u043d\u044b \u043d\u0430 \u044d\u043b\u0435\u043a\u0442\u0440\u0438\u0447\u0435\u0441\u043a\u0438\u0435 \u0433\u043e\u043b\u044c\u0444-\u043a\u0430\u0440\u044b \u0438 \u044d\u043b\u0435\u043a\u0442\u0440\u0438\u0447\u0435\u0441\u043a\u0438\u0435 \u043f\u0438\u043a\u0430\u043f\u044b 2025 \u0441\u043f\u0440\u0430\u0432\u043e\u0447\u043d\u0438\u043a\">\u0426\u0435\u043d\u044b \u043d\u0430 \u044d\u043b\u0435\u043a\u0442\u0440\u0438\u0447\u0435\u0441\u043a\u0438\u0435 \u0433\u043e\u043b\u044c\u0444-\u043a\u0430\u0440\u044b \u0438 \u044d\u043b\u0435\u043a\u0442\u0440\u0438\u0447\u0435\u0441\u043a\u0438\u0435 \u043f\u0438\u043a\u0430\u043f\u044b 2025 \u0441\u043f\u0440\u0430\u0432\u043e\u0447\u043d\u0438\u043a<\/a><\/h1><\/header><div class=\"eael-entry-content\">\n                        <div class=\"eael-grid-post-excerpt\"><p>\u0130\u015fletmelerin en \u00e7ok merak etti\u011fi konulardan biri elektrikli golf arabas\u0131...<\/p><a href=\"https:\/\/riverside-go.com\/ru\/%d1%8d%d0%bb%d0%b5%d0%ba%d1%82%d1%80%d0%b8%d1%87%d0%b5%d1%81%d0%ba%d0%b8%d0%b5-%d0%b3%d0%be%d0%bb%d1%8c%d1%84-%d0%ba%d0%b0%d1%80%d1%8b-%d0%b8-%d1%8d%d0%bb%d0%b5%d0%ba%d1%82%d1%80%d0%b8%d1%87%d0%b5\/\" class=\"eael-post-elements-readmore-btn\">\u0427\u0438\u0442\u0430\u0442\u044c \u0434\u0430\u043b\u0435\u0435<\/a><\/div>\n                    <\/div><\/div><\/div>\n        <\/div>\n    <\/article><article class=\"eael-grid-post  eael-post-grid-column eael-pg-post-1804 category-uncategorized tags-buggy-golf-elektrikli-buggy-elektrikli-golf-arabasi-elektrikli-hizmet-araclari-elektrikli-yuk-tasima-araclari-golf-cart-hizmet-araclari-otel-buggy-otel-ici-tasima-araci-sarjli-golf-arabasi\" data-id=\"1804\">\n        <div class=\"eael-grid-post-holder\">\n            <div class=\"eael-grid-post-holder-inner\"><div class=\"eael-entry-wrapper\"><header class=\"eael-entry-header\"><h1 class=\"eael-entry-title\"><a class=\"eael-grid-post-link\" href=\"https:\/\/riverside-go.com\/ru\/%d0%bc%d0%be%d1%89%d0%bd%d0%be%d1%81%d1%82%d1%8c-%d0%bb%d0%b8%d1%82%d0%b8%d0%b9-%d0%b8%d0%be%d0%bd%d0%bd%d1%8b%d1%85-%d0%b0%d0%ba%d0%ba%d1%83%d0%bc%d1%83%d0%bb%d1%8f%d1%82%d0%be%d1%80%d0%be%d0%b2\/\" title=\"\u041c\u043e\u0449\u043d\u043e\u0441\u0442\u044c \u043b\u0438\u0442\u0438\u0439-\u0438\u043e\u043d\u043d\u044b\u0445 \u0430\u043a\u043a\u0443\u043c\u0443\u043b\u044f\u0442\u043e\u0440\u043e\u0432 \u0432 \u0433\u043e\u0441\u0442\u0438\u043d\u0438\u0447\u043d\u044b\u0445 \u0431\u0430\u0433\u0433\u0438\">\u041c\u043e\u0449\u043d\u043e\u0441\u0442\u044c \u043b\u0438\u0442\u0438\u0439-\u0438\u043e\u043d\u043d\u044b\u0445 \u0430\u043a\u043a\u0443\u043c\u0443\u043b\u044f\u0442\u043e\u0440\u043e\u0432 \u0432 \u0433\u043e\u0441\u0442\u0438\u043d\u0438\u0447\u043d\u044b\u0445 \u0431\u0430\u0433\u0433\u0438<\/a><\/h1><\/header><div class=\"eael-entry-content\">\n                        <div class=\"eael-grid-post-excerpt\"><p>\u041e\u0434\u043d\u0430 \u0438\u0437 \u043f\u0435\u0440\u0432\u044b\u0445 \u0432\u0435\u0449\u0435\u0439, \u043a\u043e\u0442\u043e\u0440\u0430\u044f \u043f\u0440\u0438\u0445\u043e\u0434\u0438\u0442 \u043d\u0430 \u0443\u043c, \u043a\u043e\u0433\u0434\u0430 \u0440\u0435\u0447\u044c \u0437\u0430\u0445\u043e\u0434\u0438\u0442 \u043e \u043f\u0435\u0440\u0435\u0437\u0430\u0440\u044f\u0436\u0430\u0435\u043c\u044b\u0445 \u0433\u043e\u0441\u0442\u0438\u043d\u0438\u0447\u043d\u044b\u0445 \u043a\u043e\u043b\u044f\u0441\u043a\u0430\u0445, - \u044d\u0442\u043e \u0431\u0430\u0442\u0430\u0440\u0435\u044f...<\/p><a href=\"https:\/\/riverside-go.com\/ru\/%d0%bc%d0%be%d1%89%d0%bd%d0%be%d1%81%d1%82%d1%8c-%d0%bb%d0%b8%d1%82%d0%b8%d0%b9-%d0%b8%d0%be%d0%bd%d0%bd%d1%8b%d1%85-%d0%b0%d0%ba%d0%ba%d1%83%d0%bc%d1%83%d0%bb%d1%8f%d1%82%d0%be%d1%80%d0%be%d0%b2\/\" class=\"eael-post-elements-readmore-btn\">\u0427\u0438\u0442\u0430\u0442\u044c \u0434\u0430\u043b\u0435\u0435<\/a><\/div>\n                    <\/div><\/div><\/div>\n        <\/div>\n    <\/article><article class=\"eael-grid-post  eael-post-grid-column eael-pg-post-1802 category-uncategorized tags-elektrikli-kamyonet-elektrikli-kamyonet-fiyatlari-elektrikli-kargo-araclari-elektrikli-yuk-tasima-araclari-hizmet-araclari-kasali-golf-araci-lityum-iyon-aku-mini-kamyonet\" data-id=\"1802\">\n        <div class=\"eael-grid-post-holder\">\n            <div class=\"eael-grid-post-holder-inner\"><div class=\"eael-entry-wrapper\"><header class=\"eael-entry-header\"><h1 class=\"eael-entry-title\"><a class=\"eael-grid-post-link\" href=\"https:\/\/riverside-go.com\/ru\/%d1%8d%d0%bb%d0%b5%d0%ba%d1%82%d1%80%d0%b8%d1%87%d0%b5%d1%81%d0%ba%d0%b8%d0%b5-%d1%84%d1%83%d1%80%d0%b3%d0%be%d0%bd%d1%8b-%d0%b8-%d0%b3%d1%80%d1%83%d0%b7%d0%be%d0%b2%d1%8b%d0%b5-%d0%b0%d0%b2%d1%82\/\" title=\"\u042d\u043b\u0435\u043a\u0442\u0440\u0438\u0447\u0435\u0441\u043a\u0438\u0435 \u0444\u0443\u0440\u0433\u043e\u043d\u044b \u0438 \u0433\u0440\u0443\u0437\u043e\u0432\u044b\u0435 \u0442\u0440\u0430\u043d\u0441\u043f\u043e\u0440\u0442\u043d\u044b\u0435 \u0441\u0440\u0435\u0434\u0441\u0442\u0432\u0430: \u0420\u0435\u0448\u0435\u043d\u0438\u044f \u043d\u043e\u0432\u043e\u0433\u043e \u043f\u043e\u043a\u043e\u043b\u0435\u043d\u0438\u044f \u0434\u043b\u044f \u0431\u0438\u0437\u043d\u0435\u0441\u0430\">\u042d\u043b\u0435\u043a\u0442\u0440\u0438\u0447\u0435\u0441\u043a\u0438\u0435 \u0444\u0443\u0440\u0433\u043e\u043d\u044b \u0438 \u0433\u0440\u0443\u0437\u043e\u0432\u044b\u0435 \u0442\u0440\u0430\u043d\u0441\u043f\u043e\u0440\u0442\u043d\u044b\u0435 \u0441\u0440\u0435\u0434\u0441\u0442\u0432\u0430: \u0420\u0435\u0448\u0435\u043d\u0438\u044f \u043d\u043e\u0432\u043e\u0433\u043e \u043f\u043e\u043a\u043e\u043b\u0435\u043d\u0438\u044f \u0434\u043b\u044f \u0431\u0438\u0437\u043d\u0435\u0441\u0430<\/a><\/h1><\/header><div class=\"eael-entry-content\">\n                        <div class=\"eael-grid-post-excerpt\"><p>\u041f\u043e\u0442\u0440\u0435\u0431\u043d\u043e\u0441\u0442\u0438 \u043f\u0440\u0435\u0434\u043f\u0440\u0438\u044f\u0442\u0438\u0439 \u0431\u044b\u0441\u0442\u0440\u043e \u043c\u0435\u043d\u044f\u044e\u0442\u0441\u044f. \u041e\u0441\u043e\u0431\u0435\u043d\u043d\u043e \u044d\u0442\u043e \u043a\u0430\u0441\u0430\u0435\u0442\u0441\u044f \u043b\u043e\u0433\u0438\u0441\u0442\u0438\u043a\u0438, \u0433\u043e\u0441\u0442\u0438\u043d\u0438\u0447\u043d\u043e\u0433\u043e \u0445\u043e\u0437\u044f\u0439\u0441\u0442\u0432\u0430, \u043f\u0440\u043e\u043c\u044b\u0448\u043b\u0435\u043d\u043d\u044b\u0445 \u043e\u0431\u044a\u0435\u043a\u0442\u043e\u0432, \u043f\u0440\u0430\u0437\u0434\u043d\u0438\u0447\u043d\u044b\u0445...<\/p><a href=\"https:\/\/riverside-go.com\/ru\/%d1%8d%d0%bb%d0%b5%d0%ba%d1%82%d1%80%d0%b8%d1%87%d0%b5%d1%81%d0%ba%d0%b8%d0%b5-%d1%84%d1%83%d1%80%d0%b3%d0%be%d0%bd%d1%8b-%d0%b8-%d0%b3%d1%80%d1%83%d0%b7%d0%be%d0%b2%d1%8b%d0%b5-%d0%b0%d0%b2%d1%82\/\" class=\"eael-post-elements-readmore-btn\">\u0427\u0438\u0442\u0430\u0442\u044c \u0434\u0430\u043b\u0435\u0435<\/a><\/div>\n                    <\/div><\/div><\/div>\n        <\/div>\n    <\/article><\/div>\n            <div class=\"clearfix\"><\/div>\n        <\/div>            <div class=\"eael-load-more-button-wrap eael-force-hide\">\n                <button class=\"eael-load-more-button\" id=\"eael-load-more-btn-4893de6\" data-widget-id=\"4893de6\" data-widget=\"4893de6\" data-page-id=\"837\" data-template=\"{&quot;dir&quot;:&quot;lite&quot;,&quot;file_name&quot;:&quot;three.php&quot;,&quot;name&quot;:&quot;Post-Grid&quot;}\" data-class=\"Essential_Addons_Elementor\\Elements\\Post_Grid\" data-layout=\"grid\" data-page=\"1\" data-args=\"orderby=date&amp;order=desc&amp;ignore_sticky_posts=1&amp;post_status=publish&amp;posts_per_page=12&amp;offset=2&amp;post_type=post\" data-max-page=\"3\">\n                    <span class=\"eael-btn-loader button__loader\"><\/span>\n                    <span class=\"eael_load_more_text\">\u0417\u0430\u0433\u0440\u0443\u0437\u043a\u0430 \u041f\u043e\u0434\u0440\u043e\u0431\u043d\u0435\u0435<\/span>\n                <\/button>\n            <\/div>\n            \t\t\t\t<\/div>\n\t\t\t\t<\/div>\n\t\t\t\t\t<\/div>\n\t\t\t\t<\/div>\n\t\t\t\t<\/div>","protected":false},"excerpt":{"rendered":"<p>RIGO Blog Ana Sayfa \/ Blog K\u00fc\u00e7\u00fck Alanlarda Konfor: Elektrikli Golf Arabalar\u0131 G\u00fcn\u00fcm\u00fczde hem bireylerin hem de i\u015fletmelerin ula\u015f\u0131m ihtiya\u00e7lar\u0131 de\u011fi\u015fiyor. B\u00fcy\u00fck&#8230; Devam\u0131n\u0131 Oku Elektrikli Golf Arac\u0131 Nedir? Oteller \u0130\u00e7in Avantajlar\u0131 Turizm ve otelcilik sekt\u00f6r\u00fc g\u00fcn\u00fcm\u00fczde h\u0131zla de\u011fi\u015fiyor. M\u00fc\u015fteri beklentileri sadece&#8230; Devam\u0131n\u0131 Oku S\u00fcrd\u00fcr\u00fclebilir Gelecek \u0130\u00e7in Elektrikli Golf Ara\u00e7lar\u0131: \u0130\u015fletmeniz Nas\u0131l Daha Ye\u015fil Olabilir? D\u00fcnyam\u0131z [&hellip;]<\/p>\n","protected":false},"author":2,"featured_media":0,"parent":0,"menu_order":0,"comment_status":"closed","ping_status":"closed","template":"elementor_header_footer","meta":{"om_disable_all_campaigns":false,"_monsterinsights_skip_tracking":false,"_monsterinsights_sitenote_active":false,"_monsterinsights_sitenote_note":"","_monsterinsights_sitenote_category":0,"_uf_show_specific_survey":0,"_uf_disable_surveys":false,"footnotes":""},"class_list":["post-837","page","type-page","status-publish","hentry"],"aioseo_notices":[],"_links":{"self":[{"href":"https:\/\/riverside-go.com\/ru\/wp-json\/wp\/v2\/pages\/837","targetHints":{"allow":["GET"]}}],"collection":[{"href":"https:\/\/riverside-go.com\/ru\/wp-json\/wp\/v2\/pages"}],"about":[{"href":"https:\/\/riverside-go.com\/ru\/wp-json\/wp\/v2\/types\/page"}],"author":[{"embeddable":true,"href":"https:\/\/riverside-go.com\/ru\/wp-json\/wp\/v2\/users\/2"}],"replies":[{"embeddable":true,"href":"https:\/\/riverside-go.com\/ru\/wp-json\/wp\/v2\/comments?post=837"}],"version-history":[{"count":123,"href":"https:\/\/riverside-go.com\/ru\/wp-json\/wp\/v2\/pages\/837\/revisions"}],"predecessor-version":[{"id":1790,"href":"https:\/\/riverside-go.com\/ru\/wp-json\/wp\/v2\/pages\/837\/revisions\/1790"}],"wp:attachment":[{"href":"https:\/\/riverside-go.com\/ru\/wp-json\/wp\/v2\/media?parent=837"}],"curies":[{"name":"wp","href":"https:\/\/api.w.org\/{rel}","templated":true}]}}