{"id":1966,"date":"2025-11-06T12:04:11","date_gmt":"2025-11-06T09:04:11","guid":{"rendered":"https:\/\/riverside-go.com\/?page_id=1966"},"modified":"2026-02-26T10:52:27","modified_gmt":"2026-02-26T07:52:27","slug":"teklif-c500","status":"publish","type":"page","link":"https:\/\/riverside-go.com\/ru\/teklif-c500\/","title":{"rendered":"Teklif C500"},"content":{"rendered":"\t\t<div data-elementor-type=\"wp-page\" data-elementor-id=\"1966\" class=\"elementor elementor-1966\" data-elementor-post-type=\"page\">\n\t\t\t\t<div data-particle_enable=\"false\" data-particle-mobile-disabled=\"false\" class=\"elementor-element elementor-element-548a7a3 e-flex e-con-boxed e-con e-parent\" data-id=\"548a7a3\" data-element_type=\"container\" data-e-type=\"container\" data-settings=\"{&quot;background_background&quot;:&quot;classic&quot;}\">\n\t\t\t\t\t<div class=\"e-con-inner\">\n\t\t<div data-particle_enable=\"false\" data-particle-mobile-disabled=\"false\" class=\"elementor-element elementor-element-545de31 e-con-full e-flex e-con e-child\" data-id=\"545de31\" data-element_type=\"container\" data-e-type=\"container\">\n\t\t<div data-particle_enable=\"false\" data-particle-mobile-disabled=\"false\" class=\"elementor-element elementor-element-9630ab2 e-con-full e-flex e-con e-child\" data-id=\"9630ab2\" data-element_type=\"container\" data-e-type=\"container\">\n\t\t\t\t<div class=\"elementor-element elementor-element-150375a elementor-widget elementor-widget-heading\" data-id=\"150375a\" data-element_type=\"widget\" data-e-type=\"widget\" data-widget_type=\"heading.default\">\n\t\t\t\t<div class=\"elementor-widget-container\">\n\t\t\t\t\t<h1 class=\"elementor-heading-title elementor-size-default\">RIGO Teklif C500<\/h1>\t\t\t\t<\/div>\n\t\t\t\t<\/div>\n\t\t\t\t<div class=\"elementor-element elementor-element-dd1fd8b elementor-icon-list--layout-inline elementor-align-center elementor-list-item-link-full_width elementor-widget elementor-widget-icon-list\" data-id=\"dd1fd8b\" data-element_type=\"widget\" data-e-type=\"widget\" data-widget_type=\"icon-list.default\">\n\t\t\t\t<div class=\"elementor-widget-container\">\n\t\t\t\t\t\t\t<ul class=\"elementor-icon-list-items elementor-inline-items\">\n\t\t\t\t\t\t\t<li class=\"elementor-icon-list-item elementor-inline-item\">\n\t\t\t\t\t\t\t\t\t\t\t<a href=\"https:\/\/riverside-go.com\/rigo-c500\/\">\n\n\t\t\t\t\t\t\t\t\t\t\t<span class=\"elementor-icon-list-text\">RIGO C500<\/span>\n\t\t\t\t\t\t\t\t\t\t\t<\/a>\n\t\t\t\t\t\t\t\t\t<\/li>\n\t\t\t\t\t\t\t\t<li class=\"elementor-icon-list-item elementor-inline-item\">\n\t\t\t\t\t\t\t\t\t\t<span class=\"elementor-icon-list-text\">\/<\/span>\n\t\t\t\t\t\t\t\t\t<\/li>\n\t\t\t\t\t\t\t\t<li class=\"elementor-icon-list-item elementor-inline-item\">\n\t\t\t\t\t\t\t\t\t\t\t<a href=\"#\">\n\n\t\t\t\t\t\t\t\t\t\t\t<span class=\"elementor-icon-list-text\">Teklif C500<\/span>\n\t\t\t\t\t\t\t\t\t\t\t<\/a>\n\t\t\t\t\t\t\t\t\t<\/li>\n\t\t\t\t\t\t<\/ul>\n\t\t\t\t\t\t<\/div>\n\t\t\t\t<\/div>\n\t\t\t\t<\/div>\n\t\t\t\t<\/div>\n\t\t\t\t\t<\/div>\n\t\t\t\t<\/div>\n\t\t<div data-particle_enable=\"false\" data-particle-mobile-disabled=\"false\" class=\"elementor-element elementor-element-4c7498e e-con-full e-flex e-con e-parent\" data-id=\"4c7498e\" data-element_type=\"container\" data-e-type=\"container\">\n\t\t\t\t<div class=\"elementor-element elementor-element-bea1247 elementor-widget__width-initial elementor-widget-mobile__width-initial fluentform-widget-submit-button-custom elementor-widget elementor-widget-fluent-form-widget\" data-id=\"bea1247\" data-element_type=\"widget\" data-e-type=\"widget\" data-widget_type=\"fluent-form-widget.default\">\n\t\t\t\t<div class=\"elementor-widget-container\">\n\t\t\t\t\t\n            <div class=\"fluentform-widget-wrapper fluentform-widget-custom-radio-checkbox fluentform-widget-align-default\">\n\n                            <div class=\"fluentform-widget-heading\">\n                                        <h3 class=\"fluentform-widget-title\">\n                        RIGO C500 Elektrikli Kargo Arac\u0131 Fiyat Teklifi                    <\/h3>\n                                                            <p class=\"fluentform-widget-description\">\n                        A\u015fa\u011f\u0131daki formu doldurarak sat\u0131\u015f ekibimizden en g\u00fcncel fiyat teklifini alabilirsiniz. Ekibimiz en k\u0131sa s\u00fcrede sizinle ileti\u015fime ge\u00e7ecektir.                    <\/p>\n                                    <\/div>\n            \n            <div class='fluentform ff-default fluentform_wrapper_10 ffs_default_wrap'><form data-form_id=\"10\" id=\"fluentform_10\" class=\"frm-fluent-form fluent_form_10 ff-el-form-top ff_form_instance_10_1 ff-form-loading ffs_default\" data-form_instance=\"ff_form_instance_10_1\" method=\"POST\" ><fieldset  style=\"border: none!important;margin: 0!important;padding: 0!important;background-color: transparent!important;box-shadow: none!important;outline: none!important; min-inline-size: 100%;\">\n                    <legend class=\"ff_screen_reader_title\" style=\"display: block; margin: 0!important;padding: 0!important;height: 0!important;text-indent: -999999px;width: 0!important;overflow:hidden;\">RIGO C500 Teklif \u0130steme Formu (#10)<\/legend><input type='hidden' name='__fluent_form_embded_post_id' value='1966' \/><input type=\"hidden\" id=\"_fluentform_10_fluentformnonce\" name=\"_fluentform_10_fluentformnonce\" value=\"3c59f63aa9\" \/><input type=\"hidden\" name=\"_wp_http_referer\" value=\"\/ru\/wp-json\/wp\/v2\/pages\/1966\" \/><div data-type=\"name-element\" data-name=\"names\" class=\" ff-field_container ff-name-field-wrapper\" ><div class='ff-t-container'><div class='ff-t-cell '><div class='ff-el-group'><div class=\"ff-el-input--label ff-el-is-required asterisk-right\"><label for='ff_10_names_first_name_' id='label_ff_10_names_first_name_' >Ad<\/label><\/div><div class='ff-el-input--content'><input type=\"text\" name=\"names[first_name]\" id=\"ff_10_names_first_name_\" class=\"ff-el-form-control\" placeholder=\"Ad\" aria-invalid=\"false\" aria-required=true><\/div><\/div><\/div><div class='ff-t-cell '><div class='ff-el-group'><div class=\"ff-el-input--label ff-el-is-required asterisk-right\"><label for='ff_10_names_last_name_' id='label_ff_10_names_last_name_' >Soyad<\/label><\/div><div class='ff-el-input--content'><input type=\"text\" name=\"names[last_name]\" id=\"ff_10_names_last_name_\" class=\"ff-el-form-control\" placeholder=\"Soyad\" aria-invalid=\"false\" aria-required=true><\/div><\/div><\/div><\/div><\/div><div class='ff-el-group'><div class=\"ff-el-input--label ff-el-is-required asterisk-right\"><label for='ff_10_email' id='label_ff_10_email' aria-label=\"Email\">Email<\/label><\/div><div class='ff-el-input--content'><input type=\"email\" name=\"email\" id=\"ff_10_email\" class=\"ff-el-form-control\" placeholder=\"Email \" data-name=\"email\"  aria-invalid=\"false\" aria-required=true><\/div><\/div><div class='ff-el-group'><div class=\"ff-el-input--label ff-el-is-required asterisk-right\"><label for='ff_10_input_text' id='label_ff_10_input_text' aria-label=\"Tel No\">Tel No<\/label><\/div><div class='ff-el-input--content'><input type=\"text\" name=\"input_text\" class=\"ff-el-form-control\" data-name=\"input_text\" id=\"ff_10_input_text\"  aria-invalid=\"false\" aria-required=true><\/div><\/div><div class='ff-el-group'><div class=\"ff-el-input--label ff-el-is-required asterisk-right\"><label for='ff_10_Mesaj' id='label_ff_10_Mesaj' aria-label=\"Mesaj\u0131n\u0131z\">Mesaj\u0131n\u0131z<\/label><\/div><div class='ff-el-input--content'><textarea aria-required=\"true\" aria-labelledby=\"label_ff_10_Mesaj\" name=\"Mesaj\" id=\"ff_10_Mesaj\" class=\"ff-el-form-control\" placeholder=\"Mesaj\u0131n\u0131z\" rows=\"4\" cols=\"2\" data-name=\"Mesaj\" >Merhaba,\nRIGO C500 arac\u0131 i\u00e7in fiyat teklifi istiyorum.\n\u0130yi \u00e7al\u0131\u015fmalar,\n<\/textarea><\/div><\/div><div class='ff-el-group ff-text-left ff_submit_btn_wrapper'><button type=\"submit\" class=\"ff-btn ff-btn-submit ff-btn-lg ff_btn_style\"  aria-label=\"Teklif Al\">Teklif Al<\/button><\/div><\/fieldset><\/form><div id='fluentform_10_errors' class='ff-errors-in-stack ff_form_instance_10_1 ff-form-loading_errors ff_form_instance_10_1_errors'><\/div><\/div>            <script type=\"text\/javascript\">\n                window.fluent_form_ff_form_instance_10_1 = {\"id\":\"10\",\"ajaxUrl\":\"https:\\\/\\\/riverside-go.com\\\/wp-admin\\\/admin-ajax.php\",\"settings\":{\"layout\":{\"labelPlacement\":\"top\",\"helpMessagePlacement\":\"with_label\",\"errorMessagePlacement\":\"inline\",\"cssClassName\":\"\",\"asteriskPlacement\":\"asterisk-right\"},\"restrictions\":{\"denyEmptySubmission\":{\"enabled\":false}}},\"form_instance\":\"ff_form_instance_10_1\",\"form_id_selector\":\"fluentform_10\",\"rules\":{\"names[first_name]\":{\"required\":{\"value\":true,\"message\":\"bu alan gereklidir\",\"global\":false,\"global_message\":\"This field is required\"}},\"names[middle_name]\":{\"required\":{\"value\":false,\"message\":\"\\u042d\\u0442\\u043e \\u043f\\u043e\\u043b\\u0435 \\u043e\\u0431\\u044f\\u0437\\u0430\\u0442\\u0435\\u043b\\u044c\\u043d\\u043e\",\"global\":true,\"global_message\":\"This field is required\"}},\"names[last_name]\":{\"required\":{\"value\":true,\"message\":\"Bu alan gereklidir\",\"global\":false,\"global_message\":\"This field is required\"}},\"email\":{\"required\":{\"value\":true,\"message\":\"Bu alan gereklidir\",\"global\":false,\"global_message\":\"This field is required\"},\"email\":{\"value\":true,\"message\":\"Bu alan ge\\u00e7erli bir e-posta adresi i\\u00e7ermelidir\",\"global\":false,\"global_message\":\"This field must contain a valid email\"}},\"input_text\":{\"required\":{\"value\":true,\"message\":\"Bu alan gereklidir\",\"global_message\":\"This field is required\",\"global\":false}},\"Mesaj\":{\"required\":{\"value\":true,\"message\":\"Bu alan gereklidir\",\"global\":false,\"global_message\":\"This field is required\"}}},\"debounce_time\":300};\n                            <\/script>\n                        <\/div>\n\n            \t\t\t\t<\/div>\n\t\t\t\t<\/div>\n\t\t\t\t<\/div>\n\t\t<div data-particle_enable=\"false\" data-particle-mobile-disabled=\"false\" class=\"elementor-element elementor-element-d5a49b7 e-flex e-con-boxed e-con e-parent\" data-id=\"d5a49b7\" data-element_type=\"container\" data-e-type=\"container\">\n\t\t\t\t\t<div class=\"e-con-inner\">\n\t\t<div data-particle_enable=\"false\" data-particle-mobile-disabled=\"false\" class=\"elementor-element elementor-element-69e965b e-con-full e-flex e-con e-child\" data-id=\"69e965b\" data-element_type=\"container\" data-e-type=\"container\">\n\t\t\t\t<div class=\"elementor-element elementor-element-308b6cc elementor-widget elementor-widget-text-editor\" data-id=\"308b6cc\" data-element_type=\"widget\" data-e-type=\"widget\" data-widget_type=\"text-editor.default\">\n\t\t\t\t<div class=\"elementor-widget-container\">\n\t\t\t\t\t\t\t\t\t<p data-start=\"423\" data-end=\"674\">RIGO C500 elektrikli kargo arac\u0131 i\u00e7in fiyat teklifi almak \u00fczere formu doldurabilirsiniz. 500 kg ta\u015f\u0131ma kapasitesi, g\u00fc\u00e7l\u00fc motor yap\u0131s\u0131 ve dayan\u0131kl\u0131 \u015fasi tasar\u0131m\u0131 ile C500; oteller, fabrikalar, lojistik alanlar ve geni\u015f tesisler i\u00e7in ideal bir \u00e7\u00f6z\u00fcmd\u00fcr.<\/p><p data-start=\"676\" data-end=\"968\">Elektrikli kargo ara\u00e7lar\u0131, geleneksel yak\u0131tl\u0131 ara\u00e7lara k\u0131yasla \u00e7ok daha d\u00fc\u015f\u00fck i\u015fletme maliyeti sunar. Yak\u0131t giderlerinin ortadan kalkmas\u0131, minimum bak\u0131m ihtiyac\u0131 ve uzun \u00f6m\u00fcrl\u00fc lityum batarya teknolojisi sayesinde RIGO C500 i\u015fletmeler i\u00e7in s\u00fcrd\u00fcr\u00fclebilir ve ekonomik bir yat\u0131r\u0131m haline gelir.<\/p><p data-start=\"970\" data-end=\"1209\">Riverside Makine A.\u015e. taraf\u0131ndan \u00fcretilen RIGO ara\u00e7lar ISO 9001 kalite standartlar\u0131na uygun olarak \u00fcretilmekte olup EEC ve CE sertifikalar\u0131na sahiptir. Sessiz \u00e7al\u0131\u015fma \u00f6zelli\u011fi sayesinde hem kapal\u0131 hem a\u00e7\u0131k alanlarda g\u00fcvenle kullan\u0131labilir.<\/p><p data-start=\"1211\" data-end=\"1404\">\u0130\u015fletmenizin ihtiya\u00e7lar\u0131na g\u00f6re konfig\u00fcrasyon se\u00e7enekleri ve teslim s\u00fcresi hakk\u0131nda detayl\u0131 bilgi almak i\u00e7in teklif formunu doldurun. Uzman ekibimiz en k\u0131sa s\u00fcrede sizinle ileti\u015fime ge\u00e7ecektir.<\/p>\t\t\t\t\t\t\t\t<\/div>\n\t\t\t\t<\/div>\n\t\t\t\t<\/div>\n\t\t<div data-particle_enable=\"false\" data-particle-mobile-disabled=\"false\" class=\"elementor-element elementor-element-1b9f27c e-con-full e-flex e-con e-child\" data-id=\"1b9f27c\" data-element_type=\"container\" data-e-type=\"container\">\n\t\t\t\t<div class=\"elementor-element elementor-element-87d8e59 elementor-widget elementor-widget-image\" data-id=\"87d8e59\" data-element_type=\"widget\" data-e-type=\"widget\" data-widget_type=\"image.default\">\n\t\t\t\t<div class=\"elementor-widget-container\">\n\t\t\t\t\t\t\t\t\t\t\t\t\t\t\t\t<a href=\"https:\/\/riverside-go.com\/rigo-c500\/\">\n\t\t\t\t\t\t\t<img fetchpriority=\"high\" decoding=\"async\" width=\"768\" height=\"432\" src=\"https:\/\/riverside-go.com\/wp-content\/uploads\/2025\/01\/RIGOC500-gray-on-11-1-768x432.png\" class=\"attachment-medium_large size-medium_large wp-image-1260\" alt=\"RIGO metalik-gri elektrikli C500 buggy golf arabas\u0131\" srcset=\"https:\/\/riverside-go.com\/wp-content\/uploads\/2025\/01\/RIGOC500-gray-on-11-1-768x432.png 768w, https:\/\/riverside-go.com\/wp-content\/uploads\/2025\/01\/RIGOC500-gray-on-11-1-300x169.png 300w, https:\/\/riverside-go.com\/wp-content\/uploads\/2025\/01\/RIGOC500-gray-on-11-1-1024x576.png 1024w, https:\/\/riverside-go.com\/wp-content\/uploads\/2025\/01\/RIGOC500-gray-on-11-1.png 1280w\" sizes=\"(max-width: 768px) 100vw, 768px\" \/>\t\t\t\t\t\t\t\t<\/a>\n\t\t\t\t\t\t\t\t\t\t\t\t\t\t\t<\/div>\n\t\t\t\t<\/div>\n\t\t\t\t<\/div>\n\t\t\t\t\t<\/div>\n\t\t\t\t<\/div>\n\t\t\t\t<\/div>\n\t\t","protected":false},"excerpt":{"rendered":"<p>RIGO Teklif C500 RIGO C500 \/ Teklif C500 RIGO C500 Elektrikli Kargo Arac\u0131 Fiyat Teklifi A\u015fa\u011f\u0131daki formu doldurarak sat\u0131\u015f ekibimizden en g\u00fcncel fiyat teklifini alabilirsiniz. Ekibimiz en k\u0131sa s\u00fcrede sizinle ileti\u015fime ge\u00e7ecektir. RIGO C500 Teklif \u0130steme Formu (#10) AdSoyadEmailTel NoMesaj\u0131n\u0131zMerhaba, RIGO C500 arac\u0131 i\u00e7in fiyat teklifi istiyorum. \u0130yi \u00e7al\u0131\u015fmalar, Teklif Al RIGO C500 elektrikli kargo [&hellip;]<\/p>\n","protected":false},"author":2,"featured_media":0,"parent":0,"menu_order":0,"comment_status":"closed","ping_status":"closed","template":"elementor_header_footer","meta":{"om_disable_all_campaigns":false,"_monsterinsights_skip_tracking":false,"_monsterinsights_sitenote_active":false,"_monsterinsights_sitenote_note":"","_monsterinsights_sitenote_category":0,"_uf_show_specific_survey":0,"_uf_disable_surveys":false,"footnotes":""},"class_list":["post-1966","page","type-page","status-publish","hentry"],"aioseo_notices":[],"_links":{"self":[{"href":"https:\/\/riverside-go.com\/ru\/wp-json\/wp\/v2\/pages\/1966","targetHints":{"allow":["GET"]}}],"collection":[{"href":"https:\/\/riverside-go.com\/ru\/wp-json\/wp\/v2\/pages"}],"about":[{"href":"https:\/\/riverside-go.com\/ru\/wp-json\/wp\/v2\/types\/page"}],"author":[{"embeddable":true,"href":"https:\/\/riverside-go.com\/ru\/wp-json\/wp\/v2\/users\/2"}],"replies":[{"embeddable":true,"href":"https:\/\/riverside-go.com\/ru\/wp-json\/wp\/v2\/comments?post=1966"}],"version-history":[{"count":16,"href":"https:\/\/riverside-go.com\/ru\/wp-json\/wp\/v2\/pages\/1966\/revisions"}],"predecessor-version":[{"id":2170,"href":"https:\/\/riverside-go.com\/ru\/wp-json\/wp\/v2\/pages\/1966\/revisions\/2170"}],"wp:attachment":[{"href":"https:\/\/riverside-go.com\/ru\/wp-json\/wp\/v2\/media?parent=1966"}],"curies":[{"name":"wp","href":"https:\/\/api.w.org\/{rel}","templated":true}]}}