{"id":1919,"date":"2025-11-05T11:27:27","date_gmt":"2025-11-05T08:27:27","guid":{"rendered":"https:\/\/riverside-go.com\/?page_id=1919"},"modified":"2026-03-01T13:07:01","modified_gmt":"2026-03-01T10:07:01","slug":"teklif-l2-2","status":"publish","type":"page","link":"https:\/\/riverside-go.com\/ru\/teklif-l2-2\/","title":{"rendered":"\u041f\u0440\u0435\u0434\u043b\u043e\u0436\u0435\u043d\u0438\u0435 L2 + 2"},"content":{"rendered":"\t\t<div data-elementor-type=\"wp-page\" data-elementor-id=\"1919\" class=\"elementor elementor-1919\" data-elementor-post-type=\"page\">\n\t\t\t\t<div data-particle_enable=\"false\" data-particle-mobile-disabled=\"false\" class=\"elementor-element elementor-element-548a7a3 e-flex e-con-boxed e-con e-parent\" data-id=\"548a7a3\" data-element_type=\"container\" data-e-type=\"container\" data-settings=\"{&quot;background_background&quot;:&quot;classic&quot;}\">\n\t\t\t\t\t<div class=\"e-con-inner\">\n\t\t<div data-particle_enable=\"false\" data-particle-mobile-disabled=\"false\" class=\"elementor-element elementor-element-545de31 e-con-full e-flex e-con e-child\" data-id=\"545de31\" data-element_type=\"container\" data-e-type=\"container\">\n\t\t<div data-particle_enable=\"false\" data-particle-mobile-disabled=\"false\" class=\"elementor-element elementor-element-9630ab2 e-con-full e-flex e-con e-child\" data-id=\"9630ab2\" data-element_type=\"container\" data-e-type=\"container\">\n\t\t\t\t<div class=\"elementor-element elementor-element-150375a elementor-widget elementor-widget-heading\" data-id=\"150375a\" data-element_type=\"widget\" data-e-type=\"widget\" data-widget_type=\"heading.default\">\n\t\t\t\t<div class=\"elementor-widget-container\">\n\t\t\t\t\t<h1 class=\"elementor-heading-title elementor-size-default\">RIGO Teklif L2 + 2<\/h1>\t\t\t\t<\/div>\n\t\t\t\t<\/div>\n\t\t\t\t<div class=\"elementor-element elementor-element-dd1fd8b elementor-icon-list--layout-inline elementor-align-center elementor-list-item-link-full_width elementor-widget elementor-widget-icon-list\" data-id=\"dd1fd8b\" data-element_type=\"widget\" data-e-type=\"widget\" data-widget_type=\"icon-list.default\">\n\t\t\t\t<div class=\"elementor-widget-container\">\n\t\t\t\t\t\t\t<ul class=\"elementor-icon-list-items elementor-inline-items\">\n\t\t\t\t\t\t\t<li class=\"elementor-icon-list-item elementor-inline-item\">\n\t\t\t\t\t\t\t\t\t\t\t<a href=\"https:\/\/riverside-go.com\/rigo-l2-2\/\">\n\n\t\t\t\t\t\t\t\t\t\t\t<span class=\"elementor-icon-list-text\">RIGO L2 + 2 <\/span>\n\t\t\t\t\t\t\t\t\t\t\t<\/a>\n\t\t\t\t\t\t\t\t\t<\/li>\n\t\t\t\t\t\t\t\t<li class=\"elementor-icon-list-item elementor-inline-item\">\n\t\t\t\t\t\t\t\t\t\t<span class=\"elementor-icon-list-text\">\/<\/span>\n\t\t\t\t\t\t\t\t\t<\/li>\n\t\t\t\t\t\t\t\t<li class=\"elementor-icon-list-item elementor-inline-item\">\n\t\t\t\t\t\t\t\t\t\t\t<a href=\"#\">\n\n\t\t\t\t\t\t\t\t\t\t\t<span class=\"elementor-icon-list-text\">Teklif L2 +2<\/span>\n\t\t\t\t\t\t\t\t\t\t\t<\/a>\n\t\t\t\t\t\t\t\t\t<\/li>\n\t\t\t\t\t\t<\/ul>\n\t\t\t\t\t\t<\/div>\n\t\t\t\t<\/div>\n\t\t\t\t<\/div>\n\t\t\t\t<\/div>\n\t\t\t\t\t<\/div>\n\t\t\t\t<\/div>\n\t\t<div data-particle_enable=\"false\" data-particle-mobile-disabled=\"false\" class=\"elementor-element elementor-element-4c7498e e-con-full e-flex e-con e-parent\" data-id=\"4c7498e\" data-element_type=\"container\" data-e-type=\"container\">\n\t\t\t\t<div class=\"elementor-element elementor-element-bea1247 elementor-widget__width-initial elementor-widget-mobile__width-initial fluentform-widget-submit-button-custom elementor-widget elementor-widget-fluent-form-widget\" data-id=\"bea1247\" data-element_type=\"widget\" data-e-type=\"widget\" data-widget_type=\"fluent-form-widget.default\">\n\t\t\t\t<div class=\"elementor-widget-container\">\n\t\t\t\t\t\n            <div class=\"fluentform-widget-wrapper fluentform-widget-custom-radio-checkbox fluentform-widget-align-default\">\n\n                            <div class=\"fluentform-widget-heading\">\n                                        <h3 class=\"fluentform-widget-title\">\n                        RIGO L2+2 Elektrikli Golf Arabas\u0131 Fiyat Teklif                    <\/h3>\n                                                            <p class=\"fluentform-widget-description\">\n                        A\u015fa\u011f\u0131daki formu doldurarak sat\u0131\u015f ekibimizden en g\u00fcncel fiyat teklifini alabilirsiniz. Ekibimiz en k\u0131sa s\u00fcrede sizinle ileti\u015fime ge\u00e7ecektir.                    <\/p>\n                                    <\/div>\n            \n            <div class='fluentform ff-default fluentform_wrapper_8 ffs_default_wrap'><form data-form_id=\"8\" id=\"fluentform_8\" class=\"frm-fluent-form fluent_form_8 ff-el-form-top ff_form_instance_8_1 ff-form-loading ffs_default\" data-form_instance=\"ff_form_instance_8_1\" method=\"POST\" ><fieldset  style=\"border: none!important;margin: 0!important;padding: 0!important;background-color: transparent!important;box-shadow: none!important;outline: none!important; min-inline-size: 100%;\">\n                    <legend class=\"ff_screen_reader_title\" style=\"display: block; margin: 0!important;padding: 0!important;height: 0!important;text-indent: -999999px;width: 0!important;overflow:hidden;\">RIGO L2 + 2 Teklif \u0130steme Formu<\/legend><input type='hidden' name='__fluent_form_embded_post_id' value='1919' \/><input type=\"hidden\" id=\"_fluentform_8_fluentformnonce\" name=\"_fluentform_8_fluentformnonce\" value=\"3c59f63aa9\" \/><input type=\"hidden\" name=\"_wp_http_referer\" value=\"\/ru\/wp-json\/wp\/v2\/pages\/1919\" \/><div data-type=\"name-element\" data-name=\"names\" class=\" ff-field_container ff-name-field-wrapper\" ><div class='ff-t-container'><div class='ff-t-cell '><div class='ff-el-group'><div class=\"ff-el-input--label ff-el-is-required asterisk-right\"><label for='ff_8_names_first_name_' id='label_ff_8_names_first_name_' >Ad<\/label><\/div><div class='ff-el-input--content'><input type=\"text\" name=\"names[first_name]\" id=\"ff_8_names_first_name_\" class=\"ff-el-form-control\" placeholder=\"Ad\" aria-invalid=\"false\" aria-required=true><\/div><\/div><\/div><div class='ff-t-cell '><div class='ff-el-group'><div class=\"ff-el-input--label ff-el-is-required asterisk-right\"><label for='ff_8_names_last_name_' id='label_ff_8_names_last_name_' >Soyad<\/label><\/div><div class='ff-el-input--content'><input type=\"text\" name=\"names[last_name]\" id=\"ff_8_names_last_name_\" class=\"ff-el-form-control\" placeholder=\"Soyad\" aria-invalid=\"false\" aria-required=true><\/div><\/div><\/div><\/div><\/div><div class='ff-el-group'><div class=\"ff-el-input--label ff-el-is-required asterisk-right\"><label for='ff_8_email' id='label_ff_8_email' aria-label=\"Email\">Email<\/label><\/div><div class='ff-el-input--content'><input type=\"email\" name=\"email\" id=\"ff_8_email\" class=\"ff-el-form-control\" placeholder=\"Email \" data-name=\"email\"  aria-invalid=\"false\" aria-required=true><\/div><\/div><div class='ff-el-group'><div class=\"ff-el-input--label ff-el-is-required asterisk-right\"><label for='ff_8_input_text' id='label_ff_8_input_text' aria-label=\"Tel No\">Tel No<\/label><\/div><div class='ff-el-input--content'><input type=\"text\" name=\"input_text\" class=\"ff-el-form-control\" data-name=\"input_text\" id=\"ff_8_input_text\"  aria-invalid=\"false\" aria-required=true><\/div><\/div><div class='ff-el-group'><div class=\"ff-el-input--label ff-el-is-required asterisk-right\"><label for='ff_8_Mesaj' id='label_ff_8_Mesaj' aria-label=\"Mesaj\u0131n\u0131z\">Mesaj\u0131n\u0131z<\/label><\/div><div class='ff-el-input--content'><textarea aria-required=\"true\" aria-labelledby=\"label_ff_8_Mesaj\" name=\"Mesaj\" id=\"ff_8_Mesaj\" class=\"ff-el-form-control\" placeholder=\"Mesaj\u0131n\u0131z\" rows=\"4\" cols=\"2\" data-name=\"Mesaj\" >Merhaba,\nRIGO L2 + 2 arac\u0131 i\u00e7in fiyat teklifi istiyorum.\n\u0130yi \u00e7al\u0131\u015fmalar,<\/textarea><\/div><\/div><div class='ff-el-group ff-text-left ff_submit_btn_wrapper'><button type=\"submit\" class=\"ff-btn ff-btn-submit ff-btn-lg ff_btn_style\"  aria-label=\"Teklif Al\">Teklif Al<\/button><\/div><\/fieldset><\/form><div id='fluentform_8_errors' class='ff-errors-in-stack ff_form_instance_8_1 ff-form-loading_errors ff_form_instance_8_1_errors'><\/div><\/div>            <script type=\"text\/javascript\">\n                window.fluent_form_ff_form_instance_8_1 = {\"id\":\"8\",\"ajaxUrl\":\"https:\\\/\\\/riverside-go.com\\\/wp-admin\\\/admin-ajax.php\",\"settings\":{\"layout\":{\"labelPlacement\":\"top\",\"helpMessagePlacement\":\"with_label\",\"errorMessagePlacement\":\"inline\",\"cssClassName\":\"\",\"asteriskPlacement\":\"asterisk-right\"},\"restrictions\":{\"denyEmptySubmission\":{\"enabled\":false}}},\"form_instance\":\"ff_form_instance_8_1\",\"form_id_selector\":\"fluentform_8\",\"rules\":{\"names[first_name]\":{\"required\":{\"value\":true,\"message\":\"bu alan gereklidir\",\"global\":false,\"global_message\":\"This field is required\"}},\"names[middle_name]\":{\"required\":{\"value\":false,\"message\":\"\\u042d\\u0442\\u043e \\u043f\\u043e\\u043b\\u0435 \\u043e\\u0431\\u044f\\u0437\\u0430\\u0442\\u0435\\u043b\\u044c\\u043d\\u043e\",\"global\":true,\"global_message\":\"This field is required\"}},\"names[last_name]\":{\"required\":{\"value\":true,\"message\":\"Bu alan gereklidir\",\"global\":false,\"global_message\":\"This field is required\"}},\"email\":{\"required\":{\"value\":true,\"message\":\"Bu alan gereklidir\",\"global\":false,\"global_message\":\"This field is required\"},\"email\":{\"value\":true,\"message\":\"Bu alan ge\\u00e7erli bir e-posta adresi i\\u00e7ermelidir\",\"global\":false,\"global_message\":\"This field must contain a valid email\"}},\"input_text\":{\"required\":{\"value\":true,\"message\":\"Bu alan gereklidir\",\"global_message\":\"This field is required\",\"global\":false}},\"Mesaj\":{\"required\":{\"value\":true,\"message\":\"Bu alan gereklidir\",\"global\":false,\"global_message\":\"This field is required\"}}},\"debounce_time\":300};\n                            <\/script>\n                        <\/div>\n\n            \t\t\t\t<\/div>\n\t\t\t\t<\/div>\n\t\t\t\t<\/div>\n\t\t<div data-particle_enable=\"false\" data-particle-mobile-disabled=\"false\" class=\"elementor-element elementor-element-05d6c8a e-flex e-con-boxed e-con e-parent\" data-id=\"05d6c8a\" data-element_type=\"container\" data-e-type=\"container\">\n\t\t\t\t\t<div class=\"e-con-inner\">\n\t\t<div data-particle_enable=\"false\" data-particle-mobile-disabled=\"false\" class=\"elementor-element elementor-element-3da3e89 e-con-full e-flex e-con e-child\" data-id=\"3da3e89\" data-element_type=\"container\" data-e-type=\"container\">\n\t\t\t\t<div class=\"elementor-element elementor-element-76d0ed3 elementor-widget elementor-widget-text-editor\" data-id=\"76d0ed3\" data-element_type=\"widget\" data-e-type=\"widget\" data-widget_type=\"text-editor.default\">\n\t\t\t\t<div class=\"elementor-widget-container\">\n\t\t\t\t\t\t\t\t\t<p data-start=\"1550\" data-end=\"1847\">RIGO L2+2 elektrikli golf arabas\u0131 i\u00e7in fiyat teklifi almak \u00fczere formu doldurarak uzman ekibimizle ileti\u015fime ge\u00e7ebilirsiniz. Kompakt yap\u0131s\u0131, \u00e7evik s\u00fcr\u00fc\u015f performans\u0131 ve d\u00fc\u015f\u00fck i\u015fletme maliyeti ile L2+2 modeli; oteller, siteler, tatil k\u00f6yleri ve geni\u015f kamp\u00fcs alanlar\u0131 i\u00e7in ideal bir ula\u015f\u0131m \u00e7\u00f6z\u00fcm\u00fcd\u00fcr.<\/p><p data-start=\"1849\" data-end=\"2083\">Elektrikli golf arabalar\u0131, s\u0131f\u0131r emisyon ve sessiz \u00e7al\u0131\u015fma \u00f6zelli\u011fi sayesinde hem \u00e7evre dostu hem de kullan\u0131c\u0131 konforunu \u00f6n planda tutan bir alternatiftir. Lityum batarya teknolojisi sayesinde h\u0131zl\u0131 \u015farj ve uzun kullan\u0131m s\u00fcresi sunar.<\/p><p data-start=\"2085\" data-end=\"2298\">RIGO ara\u00e7lar y\u00fcksek t\u0131rmanma kapasitesi, dayan\u0131kl\u0131 g\u00f6vde yap\u0131s\u0131 ve modern tasar\u0131m\u0131 ile i\u015fletmenize prestij kazand\u0131r\u0131r. Sat\u0131\u015f sonras\u0131 destek ve teknik servis hizmetlerimizle uzun vadeli g\u00fcvenli kullan\u0131m sa\u011fl\u0131yoruz.<\/p><p data-start=\"2300\" data-end=\"2421\">\u0130\u015fletmeniz i\u00e7in en uygun konfig\u00fcrasyon ve fiyat bilgisi i\u00e7in teklif formunu doldurun, size \u00f6zel \u00e7\u00f6z\u00fcm \u00f6nerimizi iletelim.<\/p>\t\t\t\t\t\t\t\t<\/div>\n\t\t\t\t<\/div>\n\t\t\t\t<\/div>\n\t\t<div data-particle_enable=\"false\" data-particle-mobile-disabled=\"false\" class=\"elementor-element elementor-element-c28ec50 e-con-full e-flex e-con e-child\" data-id=\"c28ec50\" data-element_type=\"container\" data-e-type=\"container\">\n\t\t\t\t<div class=\"elementor-element elementor-element-87d8e59 elementor-widget elementor-widget-image\" data-id=\"87d8e59\" data-element_type=\"widget\" data-e-type=\"widget\" data-widget_type=\"image.default\">\n\t\t\t\t<div class=\"elementor-widget-container\">\n\t\t\t\t\t\t\t\t\t\t\t\t\t\t\t\t<a href=\"https:\/\/riverside-go.com\/rigo-l2-2\/\">\n\t\t\t\t\t\t\t<img fetchpriority=\"high\" decoding=\"async\" width=\"768\" height=\"432\" src=\"https:\/\/riverside-go.com\/wp-content\/uploads\/2024\/12\/RIGOL2-beige-on-golf-arabasi-768x432.png\" class=\"attachment-medium_large size-medium_large wp-image-1177\" alt=\"RIGO \u015fampanya elektrikli L2+2 buggy golf arabas\u0131\" srcset=\"https:\/\/riverside-go.com\/wp-content\/uploads\/2024\/12\/RIGOL2-beige-on-golf-arabasi-768x432.png 768w, https:\/\/riverside-go.com\/wp-content\/uploads\/2024\/12\/RIGOL2-beige-on-golf-arabasi-300x169.png 300w, https:\/\/riverside-go.com\/wp-content\/uploads\/2024\/12\/RIGOL2-beige-on-golf-arabasi-1024x576.png 1024w, https:\/\/riverside-go.com\/wp-content\/uploads\/2024\/12\/RIGOL2-beige-on-golf-arabasi.png 1280w\" sizes=\"(max-width: 768px) 100vw, 768px\" \/>\t\t\t\t\t\t\t\t<\/a>\n\t\t\t\t\t\t\t\t\t\t\t\t\t\t\t<\/div>\n\t\t\t\t<\/div>\n\t\t\t\t<\/div>\n\t\t\t\t\t<\/div>\n\t\t\t\t<\/div>\n\t\t<div data-particle_enable=\"false\" data-particle-mobile-disabled=\"false\" class=\"elementor-element elementor-element-6824941 e-flex e-con-boxed e-con e-parent\" data-id=\"6824941\" data-element_type=\"container\" data-e-type=\"container\">\n\t\t\t\t\t<div class=\"e-con-inner\">\n\t\t\t\t\t<\/div>\n\t\t\t\t<\/div>\n\t\t\t\t<\/div>\n\t\t","protected":false},"excerpt":{"rendered":"<p>RIGO Teklif L2 + 2 RIGO L2 + 2 \/ Teklif L2 +2 RIGO L2+2 Elektrikli Golf Arabas\u0131 Fiyat Teklif A\u015fa\u011f\u0131daki formu doldurarak sat\u0131\u015f ekibimizden en g\u00fcncel fiyat teklifini alabilirsiniz. Ekibimiz en k\u0131sa s\u00fcrede sizinle ileti\u015fime ge\u00e7ecektir. RIGO L2 + 2 Teklif \u0130steme Formu AdSoyadEmailTel NoMesaj\u0131n\u0131zMerhaba, RIGO L2 + 2 arac\u0131 i\u00e7in fiyat teklifi istiyorum. [&hellip;]<\/p>\n","protected":false},"author":2,"featured_media":0,"parent":0,"menu_order":0,"comment_status":"closed","ping_status":"closed","template":"elementor_header_footer","meta":{"om_disable_all_campaigns":false,"_monsterinsights_skip_tracking":false,"_monsterinsights_sitenote_active":false,"_monsterinsights_sitenote_note":"","_monsterinsights_sitenote_category":0,"_uf_show_specific_survey":0,"_uf_disable_surveys":false,"footnotes":""},"class_list":["post-1919","page","type-page","status-publish","hentry"],"aioseo_notices":[],"_links":{"self":[{"href":"https:\/\/riverside-go.com\/ru\/wp-json\/wp\/v2\/pages\/1919","targetHints":{"allow":["GET"]}}],"collection":[{"href":"https:\/\/riverside-go.com\/ru\/wp-json\/wp\/v2\/pages"}],"about":[{"href":"https:\/\/riverside-go.com\/ru\/wp-json\/wp\/v2\/types\/page"}],"author":[{"embeddable":true,"href":"https:\/\/riverside-go.com\/ru\/wp-json\/wp\/v2\/users\/2"}],"replies":[{"embeddable":true,"href":"https:\/\/riverside-go.com\/ru\/wp-json\/wp\/v2\/comments?post=1919"}],"version-history":[{"count":40,"href":"https:\/\/riverside-go.com\/ru\/wp-json\/wp\/v2\/pages\/1919\/revisions"}],"predecessor-version":[{"id":2293,"href":"https:\/\/riverside-go.com\/ru\/wp-json\/wp\/v2\/pages\/1919\/revisions\/2293"}],"wp:attachment":[{"href":"https:\/\/riverside-go.com\/ru\/wp-json\/wp\/v2\/media?parent=1919"}],"curies":[{"name":"wp","href":"https:\/\/api.w.org\/{rel}","templated":true}]}}