{"id":1945,"date":"2025-11-05T18:58:26","date_gmt":"2025-11-05T15:58:26","guid":{"rendered":"https:\/\/riverside-go.com\/?page_id=1945"},"modified":"2026-02-26T10:51:30","modified_gmt":"2026-02-26T07:51:30","slug":"teklif-l4-2","status":"publish","type":"page","link":"https:\/\/riverside-go.com\/en\/teklif-l4-2\/","title":{"rendered":"Teklif L4 + 2"},"content":{"rendered":"\t\t<div data-elementor-type=\"wp-page\" data-elementor-id=\"1945\" class=\"elementor elementor-1945\" data-elementor-post-type=\"page\">\n\t\t\t\t<div data-particle_enable=\"false\" data-particle-mobile-disabled=\"false\" class=\"elementor-element elementor-element-548a7a3 e-flex e-con-boxed e-con e-parent\" data-id=\"548a7a3\" data-element_type=\"container\" data-e-type=\"container\" data-settings=\"{&quot;background_background&quot;:&quot;classic&quot;}\">\n\t\t\t\t\t<div class=\"e-con-inner\">\n\t\t<div data-particle_enable=\"false\" data-particle-mobile-disabled=\"false\" class=\"elementor-element elementor-element-545de31 e-con-full e-flex e-con e-child\" data-id=\"545de31\" data-element_type=\"container\" data-e-type=\"container\">\n\t\t<div data-particle_enable=\"false\" data-particle-mobile-disabled=\"false\" class=\"elementor-element elementor-element-9630ab2 e-con-full e-flex e-con e-child\" data-id=\"9630ab2\" data-element_type=\"container\" data-e-type=\"container\">\n\t\t\t\t<div class=\"elementor-element elementor-element-150375a elementor-widget elementor-widget-heading\" data-id=\"150375a\" data-element_type=\"widget\" data-e-type=\"widget\" data-widget_type=\"heading.default\">\n\t\t\t\t<div class=\"elementor-widget-container\">\n\t\t\t\t\t<h1 class=\"elementor-heading-title elementor-size-default\">RIGO Teklif L4 + 2<\/h1>\t\t\t\t<\/div>\n\t\t\t\t<\/div>\n\t\t\t\t<div class=\"elementor-element elementor-element-dd1fd8b elementor-icon-list--layout-inline elementor-align-center elementor-list-item-link-full_width elementor-widget elementor-widget-icon-list\" data-id=\"dd1fd8b\" data-element_type=\"widget\" data-e-type=\"widget\" data-widget_type=\"icon-list.default\">\n\t\t\t\t<div class=\"elementor-widget-container\">\n\t\t\t\t\t\t\t<ul class=\"elementor-icon-list-items elementor-inline-items\">\n\t\t\t\t\t\t\t<li class=\"elementor-icon-list-item elementor-inline-item\">\n\t\t\t\t\t\t\t\t\t\t\t<a href=\"https:\/\/riverside-go.com\/rigo-l4-2\/\">\n\n\t\t\t\t\t\t\t\t\t\t\t<span class=\"elementor-icon-list-text\">RIGO L4 + 2 <\/span>\n\t\t\t\t\t\t\t\t\t\t\t<\/a>\n\t\t\t\t\t\t\t\t\t<\/li>\n\t\t\t\t\t\t\t\t<li class=\"elementor-icon-list-item elementor-inline-item\">\n\t\t\t\t\t\t\t\t\t\t<span class=\"elementor-icon-list-text\">\/<\/span>\n\t\t\t\t\t\t\t\t\t<\/li>\n\t\t\t\t\t\t\t\t<li class=\"elementor-icon-list-item elementor-inline-item\">\n\t\t\t\t\t\t\t\t\t\t\t<a href=\"#\">\n\n\t\t\t\t\t\t\t\t\t\t\t<span class=\"elementor-icon-list-text\">Teklif L4 +2<\/span>\n\t\t\t\t\t\t\t\t\t\t\t<\/a>\n\t\t\t\t\t\t\t\t\t<\/li>\n\t\t\t\t\t\t<\/ul>\n\t\t\t\t\t\t<\/div>\n\t\t\t\t<\/div>\n\t\t\t\t<\/div>\n\t\t\t\t<\/div>\n\t\t\t\t\t<\/div>\n\t\t\t\t<\/div>\n\t\t<div data-particle_enable=\"false\" data-particle-mobile-disabled=\"false\" class=\"elementor-element elementor-element-4c7498e e-con-full e-flex e-con e-parent\" data-id=\"4c7498e\" data-element_type=\"container\" data-e-type=\"container\">\n\t\t\t\t<div class=\"elementor-element elementor-element-bea1247 elementor-widget__width-initial elementor-widget-mobile__width-initial fluentform-widget-submit-button-custom elementor-widget elementor-widget-fluent-form-widget\" data-id=\"bea1247\" data-element_type=\"widget\" data-e-type=\"widget\" data-widget_type=\"fluent-form-widget.default\">\n\t\t\t\t<div class=\"elementor-widget-container\">\n\t\t\t\t\t\n            <div class=\"fluentform-widget-wrapper fluentform-widget-custom-radio-checkbox fluentform-widget-align-default\">\n\n                            <div class=\"fluentform-widget-heading\">\n                                        <h3 class=\"fluentform-widget-title\">\n                        RIGO L4+2 Elektrikli Golf Arabas\u0131 Fiyat Teklifi                    <\/h3>\n                                                            <p class=\"fluentform-widget-description\">\n                        A\u015fa\u011f\u0131daki formu doldurarak sat\u0131\u015f ekibimizden en g\u00fcncel fiyat teklifini alabilirsiniz. Ekibimiz en k\u0131sa s\u00fcrede sizinle ileti\u015fime ge\u00e7ecektir.                    <\/p>\n                                    <\/div>\n            \n            <div class='fluentform ff-default fluentform_wrapper_9 ffs_default_wrap'><form data-form_id=\"9\" id=\"fluentform_9\" class=\"frm-fluent-form fluent_form_9 ff-el-form-top ff_form_instance_9_1 ff-form-loading ffs_default\" data-form_instance=\"ff_form_instance_9_1\" method=\"POST\" ><fieldset  style=\"border: none!important;margin: 0!important;padding: 0!important;background-color: transparent!important;box-shadow: none!important;outline: none!important; min-inline-size: 100%;\">\n                    <legend class=\"ff_screen_reader_title\" style=\"display: block; margin: 0!important;padding: 0!important;height: 0!important;text-indent: -999999px;width: 0!important;overflow:hidden;\">RIGO L4 + 2 Teklif \u0130steme Formu (#9)<\/legend><input type='hidden' name='__fluent_form_embded_post_id' value='1945' \/><input type=\"hidden\" id=\"_fluentform_9_fluentformnonce\" name=\"_fluentform_9_fluentformnonce\" value=\"3c59f63aa9\" \/><input type=\"hidden\" name=\"_wp_http_referer\" value=\"\/en\/wp-json\/wp\/v2\/pages\/1945\" \/><div data-type=\"name-element\" data-name=\"names\" class=\" ff-field_container ff-name-field-wrapper\" ><div class='ff-t-container'><div class='ff-t-cell '><div class='ff-el-group'><div class=\"ff-el-input--label ff-el-is-required asterisk-right\"><label for='ff_9_names_first_name_' id='label_ff_9_names_first_name_' >Ad<\/label><\/div><div class='ff-el-input--content'><input type=\"text\" name=\"names[first_name]\" id=\"ff_9_names_first_name_\" class=\"ff-el-form-control\" placeholder=\"Ad\" aria-invalid=\"false\" aria-required=true><\/div><\/div><\/div><div class='ff-t-cell '><div class='ff-el-group'><div class=\"ff-el-input--label ff-el-is-required asterisk-right\"><label for='ff_9_names_last_name_' id='label_ff_9_names_last_name_' >Soyad<\/label><\/div><div class='ff-el-input--content'><input type=\"text\" name=\"names[last_name]\" id=\"ff_9_names_last_name_\" class=\"ff-el-form-control\" placeholder=\"Soyad\" aria-invalid=\"false\" aria-required=true><\/div><\/div><\/div><\/div><\/div><div class='ff-el-group'><div class=\"ff-el-input--label ff-el-is-required asterisk-right\"><label for='ff_9_email' id='label_ff_9_email' aria-label=\"Email\">Email<\/label><\/div><div class='ff-el-input--content'><input type=\"email\" name=\"email\" id=\"ff_9_email\" class=\"ff-el-form-control\" placeholder=\"Email \" data-name=\"email\"  aria-invalid=\"false\" aria-required=true><\/div><\/div><div class='ff-el-group'><div class=\"ff-el-input--label ff-el-is-required asterisk-right\"><label for='ff_9_input_text' id='label_ff_9_input_text' aria-label=\"Tel No\">Tel No<\/label><\/div><div class='ff-el-input--content'><input type=\"text\" name=\"input_text\" class=\"ff-el-form-control\" data-name=\"input_text\" id=\"ff_9_input_text\"  aria-invalid=\"false\" aria-required=true><\/div><\/div><div class='ff-el-group'><div class=\"ff-el-input--label ff-el-is-required asterisk-right\"><label for='ff_9_Mesaj' id='label_ff_9_Mesaj' aria-label=\"Mesaj\u0131n\u0131z\">Mesaj\u0131n\u0131z<\/label><\/div><div class='ff-el-input--content'><textarea aria-required=\"true\" aria-labelledby=\"label_ff_9_Mesaj\" name=\"Mesaj\" id=\"ff_9_Mesaj\" class=\"ff-el-form-control\" placeholder=\"Mesaj\u0131n\u0131z\" rows=\"4\" cols=\"2\" data-name=\"Mesaj\" >Merhaba,\nRIGO L4 + 2 (48V) arac\u0131 i\u00e7in fiyat teklifi istiyorum.\n\u0130yi \u00e7al\u0131\u015fmalar,\n<\/textarea><\/div><\/div><div class='ff-el-group ff-text-left ff_submit_btn_wrapper'><button type=\"submit\" class=\"ff-btn ff-btn-submit ff-btn-lg ff_btn_style\"  aria-label=\"Teklif Al\">Teklif Al<\/button><\/div><\/fieldset><\/form><div id='fluentform_9_errors' class='ff-errors-in-stack ff_form_instance_9_1 ff-form-loading_errors ff_form_instance_9_1_errors'><\/div><\/div>            <script type=\"text\/javascript\">\n                window.fluent_form_ff_form_instance_9_1 = {\"id\":\"9\",\"ajaxUrl\":\"https:\\\/\\\/riverside-go.com\\\/wp-admin\\\/admin-ajax.php\",\"settings\":{\"layout\":{\"labelPlacement\":\"top\",\"helpMessagePlacement\":\"with_label\",\"errorMessagePlacement\":\"inline\",\"cssClassName\":\"\",\"asteriskPlacement\":\"asterisk-right\"},\"restrictions\":{\"denyEmptySubmission\":{\"enabled\":false}}},\"form_instance\":\"ff_form_instance_9_1\",\"form_id_selector\":\"fluentform_9\",\"rules\":{\"names[first_name]\":{\"required\":{\"value\":true,\"message\":\"bu alan gereklidir\",\"global\":false,\"global_message\":\"This field is required\"}},\"names[middle_name]\":{\"required\":{\"value\":false,\"message\":\"This field is required\",\"global\":true,\"global_message\":\"This field is required\"}},\"names[last_name]\":{\"required\":{\"value\":true,\"message\":\"Bu alan gereklidir\",\"global\":false,\"global_message\":\"This field is required\"}},\"email\":{\"required\":{\"value\":true,\"message\":\"Bu alan gereklidir\",\"global\":false,\"global_message\":\"This field is required\"},\"email\":{\"value\":true,\"message\":\"Bu alan ge\\u00e7erli bir e-posta adresi i\\u00e7ermelidir\",\"global\":false,\"global_message\":\"This field must contain a valid email\"}},\"input_text\":{\"required\":{\"value\":true,\"message\":\"Bu alan gereklidir\",\"global_message\":\"This field is required\",\"global\":false}},\"Mesaj\":{\"required\":{\"value\":true,\"message\":\"Bu alan gereklidir\",\"global\":false,\"global_message\":\"This field is required\"}}},\"debounce_time\":300};\n                            <\/script>\n                        <\/div>\n\n            \t\t\t\t<\/div>\n\t\t\t\t<\/div>\n\t\t\t\t<\/div>\n\t\t<div data-particle_enable=\"false\" data-particle-mobile-disabled=\"false\" class=\"elementor-element elementor-element-69790b8 e-flex e-con-boxed e-con e-parent\" data-id=\"69790b8\" data-element_type=\"container\" data-e-type=\"container\">\n\t\t\t\t\t<div class=\"e-con-inner\">\n\t\t<div data-particle_enable=\"false\" data-particle-mobile-disabled=\"false\" class=\"elementor-element elementor-element-cf8c23b e-con-full e-flex e-con e-child\" data-id=\"cf8c23b\" data-element_type=\"container\" data-e-type=\"container\">\n\t\t\t\t<div class=\"elementor-element elementor-element-0aeb76e elementor-widget elementor-widget-text-editor\" data-id=\"0aeb76e\" data-element_type=\"widget\" data-e-type=\"widget\" data-widget_type=\"text-editor.default\">\n\t\t\t\t<div class=\"elementor-widget-container\">\n\t\t\t\t\t\t\t\t\t<p data-start=\"2567\" data-end=\"2805\">RIGO L4+2 elektrikli golf arabas\u0131 i\u00e7in fiyat teklifi almak \u00fczere formu doldurabilirsiniz. 4+2 yolcu kapasitesi ve g\u00fc\u00e7l\u00fc motor se\u00e7enekleri ile L4+2 modeli; oteller, tatil k\u00f6yleri, kamp\u00fcs alanlar\u0131 ve geni\u015f tesislerde konforlu ula\u015f\u0131m sa\u011flar.<\/p><p data-start=\"2807\" data-end=\"3033\">48V ve 72V batarya se\u00e7enekleri sayesinde farkl\u0131 menzil ve performans ihtiya\u00e7lar\u0131na uygun \u00e7\u00f6z\u00fcmler sunar. 72V opsiyonu daha y\u00fcksek t\u0131rmanma kapasitesi ve uzun menzil avantaj\u0131 sa\u011flayarak e\u011fimli arazilerde \u00fcst\u00fcn performans sunar.<\/p><p data-start=\"3035\" data-end=\"3274\">Sessiz \u00e7al\u0131\u015fma \u00f6zelli\u011fi, s\u0131f\u0131r emisyon ve d\u00fc\u015f\u00fck bak\u0131m maliyeti sayesinde RIGO elektrikli golf arabalar\u0131 s\u00fcrd\u00fcr\u00fclebilir mobilite \u00e7\u00f6z\u00fcmleri aras\u0131nda \u00f6ne \u00e7\u0131kar. Modern tasar\u0131m\u0131 ve dayan\u0131kl\u0131 yap\u0131s\u0131 ile hem i\u015flevsel hem prestijli bir tercihtir.<\/p><p data-start=\"3276\" data-end=\"3429\">Size \u00f6zel fiyatland\u0131rma ve teslim s\u00fcresi hakk\u0131nda detayl\u0131 bilgi almak i\u00e7in teklif formunu doldurun. Ekibimiz en k\u0131sa s\u00fcrede sizinle ileti\u015fime ge\u00e7ecektir.<\/p>\t\t\t\t\t\t\t\t<\/div>\n\t\t\t\t<\/div>\n\t\t\t\t<\/div>\n\t\t<div data-particle_enable=\"false\" data-particle-mobile-disabled=\"false\" class=\"elementor-element elementor-element-06a631a e-con-full e-flex e-con e-child\" data-id=\"06a631a\" data-element_type=\"container\" data-e-type=\"container\">\n\t\t\t\t<div class=\"elementor-element elementor-element-958d6e5 elementor-widget elementor-widget-image\" data-id=\"958d6e5\" data-element_type=\"widget\" data-e-type=\"widget\" data-widget_type=\"image.default\">\n\t\t\t\t<div class=\"elementor-widget-container\">\n\t\t\t\t\t\t\t\t\t\t\t\t\t\t\t\t<a href=\"https:\/\/riverside-go.com\/rigo-l4-2\/\">\n\t\t\t\t\t\t\t<img fetchpriority=\"high\" decoding=\"async\" width=\"768\" height=\"432\" src=\"https:\/\/riverside-go.com\/wp-content\/uploads\/2024\/11\/Rigo-kirmizi-on-42-buggy-golf-arabasi-elektrikli-768x432.png\" class=\"attachment-medium_large size-medium_large wp-image-603\" alt=\"RIGO k\u0131rm\u0131z\u0131 elektrikli L4+2 buggy golf arabas\u0131\" srcset=\"https:\/\/riverside-go.com\/wp-content\/uploads\/2024\/11\/Rigo-kirmizi-on-42-buggy-golf-arabasi-elektrikli-768x432.png 768w, https:\/\/riverside-go.com\/wp-content\/uploads\/2024\/11\/Rigo-kirmizi-on-42-buggy-golf-arabasi-elektrikli-300x169.png 300w, https:\/\/riverside-go.com\/wp-content\/uploads\/2024\/11\/Rigo-kirmizi-on-42-buggy-golf-arabasi-elektrikli-1024x576.png 1024w, https:\/\/riverside-go.com\/wp-content\/uploads\/2024\/11\/Rigo-kirmizi-on-42-buggy-golf-arabasi-elektrikli-600x338.png 600w, https:\/\/riverside-go.com\/wp-content\/uploads\/2024\/11\/Rigo-kirmizi-on-42-buggy-golf-arabasi-elektrikli.png 1280w\" sizes=\"(max-width: 768px) 100vw, 768px\" \/>\t\t\t\t\t\t\t\t<\/a>\n\t\t\t\t\t\t\t\t\t\t\t\t\t\t\t<\/div>\n\t\t\t\t<\/div>\n\t\t\t\t<\/div>\n\t\t\t\t\t<\/div>\n\t\t\t\t<\/div>\n\t\t<div data-particle_enable=\"false\" data-particle-mobile-disabled=\"false\" class=\"elementor-element elementor-element-f312d89 e-flex e-con-boxed e-con e-parent\" data-id=\"f312d89\" data-element_type=\"container\" data-e-type=\"container\">\n\t\t\t\t\t<div class=\"e-con-inner\">\n\t\t\t\t\t<\/div>\n\t\t\t\t<\/div>\n\t\t\t\t<\/div>\n\t\t","protected":false},"excerpt":{"rendered":"<p>RIGO Teklif L4 + 2 RIGO L4 + 2 \/ Teklif L4 +2 RIGO L4+2 Elektrikli Golf Arabas\u0131 Fiyat Teklifi A\u015fa\u011f\u0131daki formu doldurarak sat\u0131\u015f ekibimizden en g\u00fcncel fiyat teklifini alabilirsiniz. Ekibimiz en k\u0131sa s\u00fcrede sizinle ileti\u015fime ge\u00e7ecektir. RIGO L4 + 2 Teklif \u0130steme Formu (#9) AdSoyadEmailTel NoMesaj\u0131n\u0131zMerhaba, RIGO L4 + 2 (48V) arac\u0131 i\u00e7in fiyat [&hellip;]<\/p>\n","protected":false},"author":2,"featured_media":0,"parent":0,"menu_order":0,"comment_status":"closed","ping_status":"closed","template":"elementor_header_footer","meta":{"om_disable_all_campaigns":false,"_monsterinsights_skip_tracking":false,"_monsterinsights_sitenote_active":false,"_monsterinsights_sitenote_note":"","_monsterinsights_sitenote_category":0,"_uf_show_specific_survey":0,"_uf_disable_surveys":false,"footnotes":""},"class_list":["post-1945","page","type-page","status-publish","hentry"],"aioseo_notices":[],"_links":{"self":[{"href":"https:\/\/riverside-go.com\/en\/wp-json\/wp\/v2\/pages\/1945","targetHints":{"allow":["GET"]}}],"collection":[{"href":"https:\/\/riverside-go.com\/en\/wp-json\/wp\/v2\/pages"}],"about":[{"href":"https:\/\/riverside-go.com\/en\/wp-json\/wp\/v2\/types\/page"}],"author":[{"embeddable":true,"href":"https:\/\/riverside-go.com\/en\/wp-json\/wp\/v2\/users\/2"}],"replies":[{"embeddable":true,"href":"https:\/\/riverside-go.com\/en\/wp-json\/wp\/v2\/comments?post=1945"}],"version-history":[{"count":20,"href":"https:\/\/riverside-go.com\/en\/wp-json\/wp\/v2\/pages\/1945\/revisions"}],"predecessor-version":[{"id":2167,"href":"https:\/\/riverside-go.com\/en\/wp-json\/wp\/v2\/pages\/1945\/revisions\/2167"}],"wp:attachment":[{"href":"https:\/\/riverside-go.com\/en\/wp-json\/wp\/v2\/media?parent=1945"}],"curies":[{"name":"wp","href":"https:\/\/api.w.org\/{rel}","templated":true}]}}